{"id":131306,"date":"2024-11-19T12:02:36","date_gmt":"2024-11-19T15:02:36","guid":{"rendered":"https:\/\/aneperez.com.br\/?page_id=131306"},"modified":"2024-11-19T12:02:36","modified_gmt":"2024-11-19T15:02:36","slug":"politica-de-privacidade-cookies-e-termos-e-condicoes","status":"publish","type":"page","link":"https:\/\/aneperez.com.br\/en\/politica-de-privacidade-cookies-e-termos-e-condicoes\/","title":{"rendered":"Pol\u00edtica de Privacidade, Cookies e Termos e Condi\u00e7\u00f5es"},"content":{"rendered":"<div class=\"wpb-content-wrapper\"><p>[vc_row row_height_percent=&#8221;0&#8243; override_padding=&#8221;yes&#8221; h_padding=&#8221;2&#8243; top_padding=&#8221;4&#8243; bottom_padding=&#8221;0&#8243; overlay_alpha=&#8221;50&#8243; gutter_size=&#8221;3&#8243; column_width_percent=&#8221;100&#8243; shift_y=&#8221;0&#8243; z_index=&#8221;0&#8243; content_parallax=&#8221;0&#8243; uncode_shortcode_id=&#8221;242543&#8243; row_name=&#8221;Privacidade&#8221;][vc_column column_width_percent=&#8221;100&#8243; align_horizontal=&#8221;align_center&#8221; gutter_size=&#8221;3&#8243; overlay_alpha=&#8221;50&#8243; shift_x=&#8221;0&#8243; shift_y=&#8221;0&#8243; z_index=&#8221;0&#8243; medium_width=&#8221;0&#8243;][vc_custom_heading heading_semantic=&#8221;h1&#8243; text_size=&#8221;fontsize-338686&#8243; text_weight=&#8221;700&#8243; text_space=&#8221;fontspace-111509&#8243; separator_color=&#8221;yes&#8221; separator_double=&#8221;yes&#8221; separator=&#8221;yes&#8221; uncode_shortcode_id=&#8221;491513&#8243;]Pol\u00edtica de Privacidade[\/vc_custom_heading][\/vc_column][\/vc_row][vc_row row_height_percent=&#8221;0&#8243; override_padding=&#8221;yes&#8221; h_padding=&#8221;2&#8243; top_padding=&#8221;2&#8243; bottom_padding=&#8221;4&#8243; overlay_alpha=&#8221;50&#8243; gutter_size=&#8221;3&#8243; shift_y=&#8221;0&#8243;][vc_column column_width_percent=&#8221;100&#8243; gutter_size=&#8221;3&#8243; overlay_alpha=&#8221;50&#8243; shift_x=&#8221;0&#8243; shift_y=&#8221;0&#8243; z_index=&#8221;0&#8243; medium_width=&#8221;0&#8243;][vc_column_text uncode_shortcode_id=&#8221;155583&#8243;]O escrit\u00f3rio Ane Elisa Perez Advogados se compromete a proteger sua privacidade e garantir a seguran\u00e7a dos dados coletados em nosso site. As informa\u00e7\u00f5es fornecidas por voc\u00ea, como nome, e-mail ou outros dados pessoais, ser\u00e3o usadas exclusivamente para atender \u00e0s suas solicita\u00e7\u00f5es e aprimorar sua experi\u00eancia em nosso site.<br \/>\nN\u00f3s n\u00e3o compartilhamos suas informa\u00e7\u00f5es com terceiros, salvo quando exigido por lei ou com sua autoriza\u00e7\u00e3o expressa. Para garantir a seguran\u00e7a dos dados, adotamos medidas t\u00e9cnicas e organizacionais adequadas.<br \/>\nAo navegar em nosso site, voc\u00ea concorda com os termos desta Pol\u00edtica de Privacidade. Caso tenha d\u00favidas ou deseje exercer seus direitos de titular de dados, entre em contato conosco pelo e-mail <a href=\"mailto:ap@aneperez.com.br\">ap@aneperez.com.br<\/a>.<\/p>\n<p>&nbsp;<\/p>\n<p>&nbsp;<\/p>\n<p>Revisar <strong><a href=\"#\" class=\"gdpr-preferences \">Prefer\u00eancias de privacidade<\/a>.<\/strong>[\/vc_column_text][\/vc_column][\/vc_row][vc_row row_height_percent=&#8221;0&#8243; override_padding=&#8221;yes&#8221; h_padding=&#8221;2&#8243; top_padding=&#8221;4&#8243; bottom_padding=&#8221;0&#8243; overlay_alpha=&#8221;50&#8243; gutter_size=&#8221;3&#8243; column_width_percent=&#8221;100&#8243; shift_y=&#8221;0&#8243; z_index=&#8221;0&#8243; content_parallax=&#8221;0&#8243; uncode_shortcode_id=&#8221;280130&#8243; row_name=&#8221;Cookies&#8221;][vc_column column_width_percent=&#8221;100&#8243; align_horizontal=&#8221;align_center&#8221; gutter_size=&#8221;3&#8243; overlay_alpha=&#8221;50&#8243; shift_x=&#8221;0&#8243; shift_y=&#8221;0&#8243; z_index=&#8221;0&#8243; medium_width=&#8221;0&#8243;][vc_custom_heading heading_semantic=&#8221;h1&#8243; text_size=&#8221;fontsize-338686&#8243; text_weight=&#8221;700&#8243; text_space=&#8221;fontspace-111509&#8243; separator_color=&#8221;yes&#8221; separator_double=&#8221;yes&#8221; separator=&#8221;yes&#8221; uncode_shortcode_id=&#8221;839163&#8243;]Pol\u00edtica de Cookies[\/vc_custom_heading][\/vc_column][\/vc_row][vc_row row_height_percent=&#8221;0&#8243; override_padding=&#8221;yes&#8221; h_padding=&#8221;2&#8243; top_padding=&#8221;2&#8243; bottom_padding=&#8221;4&#8243; overlay_alpha=&#8221;50&#8243; gutter_size=&#8221;3&#8243; shift_y=&#8221;0&#8243;][vc_column column_width_percent=&#8221;100&#8243; gutter_size=&#8221;3&#8243; overlay_alpha=&#8221;50&#8243; shift_x=&#8221;0&#8243; shift_y=&#8221;0&#8243; z_index=&#8221;0&#8243; medium_width=&#8221;0&#8243;][vc_column_text uncode_shortcode_id=&#8221;156038&#8243;]Nosso site utiliza cookies para melhorar sua experi\u00eancia de navega\u00e7\u00e3o e personalizar os servi\u00e7os oferecidos. Cookies s\u00e3o pequenos arquivos armazenados em seu dispositivo que permitem, por exemplo, lembrar suas prefer\u00eancias e oferecer conte\u00fados relevantes.<br \/>\nUsamos cookies estritamente necess\u00e1rios para o funcionamento do site, al\u00e9m de cookies de terceiros para fins anal\u00edticos e publicit\u00e1rios. Voc\u00ea pode configurar ou desativar os cookies nas configura\u00e7\u00f5es do seu navegador.<br \/>\nAo continuar utilizando nosso site, voc\u00ea concorda com o uso de cookies conforme descrito nesta Pol\u00edtica. Para mais informa\u00e7\u00f5es, entre em contato pelo e-mail <a href=\"mailto:ap@aneperez.com.br\">ap@aneperez.com.br<\/a>.[\/vc_column_text][\/vc_column][\/vc_row][vc_row row_height_percent=&#8221;0&#8243; override_padding=&#8221;yes&#8221; h_padding=&#8221;2&#8243; top_padding=&#8221;4&#8243; bottom_padding=&#8221;0&#8243; overlay_alpha=&#8221;50&#8243; gutter_size=&#8221;3&#8243; column_width_percent=&#8221;100&#8243; shift_y=&#8221;0&#8243; z_index=&#8221;0&#8243; content_parallax=&#8221;0&#8243; uncode_shortcode_id=&#8221;132501&#8243; row_name=&#8221;Termos&#8221;][vc_column column_width_percent=&#8221;100&#8243; align_horizontal=&#8221;align_center&#8221; gutter_size=&#8221;3&#8243; overlay_alpha=&#8221;50&#8243; shift_x=&#8221;0&#8243; shift_y=&#8221;0&#8243; z_index=&#8221;0&#8243; medium_width=&#8221;0&#8243;][vc_custom_heading heading_semantic=&#8221;h1&#8243; text_size=&#8221;fontsize-338686&#8243; text_weight=&#8221;700&#8243; text_space=&#8221;fontspace-111509&#8243; separator_color=&#8221;yes&#8221; separator_double=&#8221;yes&#8221; separator=&#8221;yes&#8221; uncode_shortcode_id=&#8221;109286&#8243;]Termos e Condi\u00e7\u00f5es[\/vc_custom_heading][\/vc_column][\/vc_row][vc_row row_height_percent=&#8221;0&#8243; override_padding=&#8221;yes&#8221; h_padding=&#8221;2&#8243; top_padding=&#8221;2&#8243; bottom_padding=&#8221;4&#8243; overlay_alpha=&#8221;50&#8243; gutter_size=&#8221;3&#8243; shift_y=&#8221;0&#8243;][vc_column column_width_percent=&#8221;100&#8243; gutter_size=&#8221;3&#8243; overlay_alpha=&#8221;50&#8243; shift_x=&#8221;0&#8243; shift_y=&#8221;0&#8243; z_index=&#8221;0&#8243; medium_width=&#8221;0&#8243;][vc_column_text uncode_shortcode_id=&#8221;175018&#8243;]Bem-vindo ao site Ane Elisa Perez Advogados. Ao acessar ou utilizar nosso site, voc\u00ea concorda com os seguintes Termos e Condi\u00e7\u00f5es:<\/p>\n<p>O conte\u00fado do site tem fins exclusivamente informativos e n\u00e3o constitui aconselhamento jur\u00eddico.<br \/>\nTodos os textos, imagens e demais materiais s\u00e3o protegidos por direitos autorais e n\u00e3o podem ser reproduzidos sem autoriza\u00e7\u00e3o.<br \/>\nO escrit\u00f3rio n\u00e3o se responsabiliza por danos decorrentes do uso das informa\u00e7\u00f5es dispon\u00edveis no site.<br \/>\nReservamo-nos o direito de alterar estes Termos e Condi\u00e7\u00f5es a qualquer momento, sem aviso pr\u00e9vio.<br \/>\nPara esclarecer d\u00favidas, entre em contato conosco pelo e-mail <a href=\"mailto:ap@aneperez.com.br\">ap@aneperez.com.br<\/a>.[\/vc_column_text][\/vc_column][\/vc_row][vc_row row_height_percent=&#8221;0&#8243; overlay_alpha=&#8221;50&#8243; gutter_size=&#8221;3&#8243; column_width_percent=&#8221;100&#8243; shift_y=&#8221;0&#8243; z_index=&#8221;0&#8243; content_parallax=&#8221;0&#8243; uncode_shortcode_id=&#8221;950834&#8243; row_name=&#8221;DPO&#8221;][vc_column width=&#8221;1\/1&#8243;][vc_custom_heading subheading=&#8221;Por favor, utilize este formul\u00e1rio para solicitar a exporta\u00e7\u00e3o ou remo\u00e7\u00e3o de seus dados pessoais&#8221;]Solicita\u00e7\u00e3o de dados pessoais:[\/vc_custom_heading][vc_raw_html]JTVCZ3Bkci1kYXRhLXJlcXVlc3QlNUQ=[\/vc_raw_html][\/vc_column][\/vc_row]<\/p>\n<\/div>","protected":false},"excerpt":{"rendered":"<p>[vc_row row_height_percent=&#8221;0&#8243; override_padding=&#8221;yes&#8221; h_padding=&#8221;2&#8243; top_padding=&#8221;4&#8243; bottom_padding=&#8221;0&#8243; overlay_alpha=&#8221;50&#8243; gutter_size=&#8221;3&#8243; column_width_percent=&#8221;100&#8243; shift_y=&#8221;0&#8243; z_index=&#8221;0&#8243; content_parallax=&#8221;0&#8243; uncode_shortcode_id=&#8221;242543&#8243; row_name=&#8221;Privacidade&#8221;][vc_column column_width_percent=&#8221;100&#8243; align_horizontal=&#8221;align_center&#8221; gutter_size=&#8221;3&#8243; overlay_alpha=&#8221;50&#8243; shift_x=&#8221;0&#8243; shift_y=&#8221;0&#8243; [&hellip;]<\/p>\n","protected":false},"author":1,"featured_media":0,"parent":0,"menu_order":0,"comment_status":"closed","ping_status":"closed","template":"","meta":{"footnotes":""},"class_list":["post-131306","page","type-page","status-publish","hentry"],"_links":{"self":[{"href":"https:\/\/aneperez.com.br\/en\/wp-json\/wp\/v2\/pages\/131306","targetHints":{"allow":["GET"]}}],"collection":[{"href":"https:\/\/aneperez.com.br\/en\/wp-json\/wp\/v2\/pages"}],"about":[{"href":"https:\/\/aneperez.com.br\/en\/wp-json\/wp\/v2\/types\/page"}],"author":[{"embeddable":true,"href":"https:\/\/aneperez.com.br\/en\/wp-json\/wp\/v2\/users\/1"}],"replies":[{"embeddable":true,"href":"https:\/\/aneperez.com.br\/en\/wp-json\/wp\/v2\/comments?post=131306"}],"version-history":[{"count":0,"href":"https:\/\/aneperez.com.br\/en\/wp-json\/wp\/v2\/pages\/131306\/revisions"}],"wp:attachment":[{"href":"https:\/\/aneperez.com.br\/en\/wp-json\/wp\/v2\/media?parent=131306"}],"curies":[{"name":"wp","href":"https:\/\/api.w.org\/{rel}","templated":true}]}}